{"id":10642,"date":"2021-08-25T09:00:10","date_gmt":"2021-08-25T09:00:10","guid":{"rendered":"https:\/\/eratechmt.com.tr\/contact\/"},"modified":"2024-09-19T14:48:19","modified_gmt":"2024-09-19T14:48:19","slug":"contact","status":"publish","type":"page","link":"https:\/\/eratechmt.com.tr\/en\/contact\/","title":{"rendered":"Contact"},"content":{"rendered":"<div class=\"wpb-content-wrapper\"><p>[vc_row full_width=&#8221;stretch_row_content_no_spaces&#8221; css_animation=&#8221;none&#8221; css=&#8221;.vc_custom_1635871490467{margin-top: -40px !important;margin-bottom: 80px !important;}&#8221; woodmart_css_id=&#8221;61816afa77f62&#8243; responsive_spacing=&#8221;eyJwYXJhbV90eXBlIjoid29vZG1hcnRfcmVzcG9uc2l2ZV9zcGFjaW5nIiwic2VsZWN0b3JfaWQiOiI2MTgxNmFmYTc3ZjYyIiwic2hvcnRjb2RlIjoidmNfcm93IiwiZGF0YSI6eyJ0YWJsZXQiOnsibWFyZ2luLWJvdHRvbSI6IjYwIn0sIm1vYmlsZSI6e319fQ==&#8221; mobile_bg_img_hidden=&#8221;no&#8221; tablet_bg_img_hidden=&#8221;no&#8221; woodmart_parallax=&#8221;0&#8243; woodmart_gradient_switch=&#8221;no&#8221; woodmart_box_shadow=&#8221;no&#8221; wd_z_index=&#8221;no&#8221; woodmart_disable_overflow=&#8221;0&#8243; row_reverse_mobile=&#8221;0&#8243; row_reverse_tablet=&#8221;0&#8243;][vc_column][vc_column_text css=&#8221;&#8221; woodmart_inline=&#8221;no&#8221; text_larger=&#8221;no&#8221;]<iframe loading=\"lazy\" style=\"border: 0;\" src=\"https:\/\/www.google.com\/maps\/embed?pb=!1m18!1m12!1m3!1d3045.9365814758385!2d28.94768541130699!3d40.23271226670016!2m3!1f0!2f0!3f0!3m2!1i1024!2i768!4f13.1!3m3!1m2!1s0x14ca13f5d1ebcd55%3A0x22a34d3723446e7d!2zScWfxLFrdGVwZSBPU0IsIEVmbGF0dW4gQ2QuIE5vOjgsIDE2MTQwIE5pzIdsw7xmZXIvQnVyc2E!5e0!3m2!1str!2str!4v1725718431971!5m2!1str!2str\" width=\"1920\" height=\"400\" allowfullscreen=\"allowfullscreen\"><\/iframe>[\/vc_column_text][\/vc_column][\/vc_row][vc_row equal_height=&#8221;yes&#8221; css_animation=&#8221;none&#8221; css=&#8221;.vc_custom_1496926452255{margin-right: -50px !important;margin-left: -50px !important;}&#8221;][vc_column css=&#8221;.vc_custom_1496927710186{border-right-width: 1px !important;padding-top: 20px !important;padding-right: 50px !important;padding-bottom: 10px !important;padding-left: 50px !important;border-right-color: #e8e8e8 !important;border-right-style: solid !important;}&#8221; offset=&#8221;vc_col-lg-6 vc_col-md-6&#8243;]\t\t\t<link rel=\"stylesheet\" id=\"wd-section-title-css\" href=\"https:\/\/eratechmt.com.tr\/wp-content\/themes\/woodmart\/css\/parts\/el-section-title.min.css?ver=7.6.0\" type=\"text\/css\" media=\"all\" \/> \t\t\t\t\t\t<link rel=\"stylesheet\" id=\"wd-mod-highlighted-text-css\" href=\"https:\/\/eratechmt.com.tr\/wp-content\/themes\/woodmart\/css\/parts\/mod-highlighted-text.min.css?ver=7.6.0\" type=\"text\/css\" media=\"all\" \/> \t\t\t\n\t\t<div id=\"wd-66dc5fdfb66e5\" class=\"title-wrapper wd-wpb set-mb-s reset-last-child  wd-rs-66dc5fdfb66e5 wd-title-color-default wd-title-style-default text-left  wd-underline-colored\">\n\t\t\t\n\t\t\t<div class=\"liner-continer\">\n\t\t\t\t<h4 class=\"woodmart-title-container title  wd-font-weight- wd-fontsize-l\" >CONTACT US<\/h4>\n\t\t\t\t\t\t\t<\/div>\n\t\t\t\n\t\t\t\n\t\t\t\n\t\t<\/div>\n\t\t\n\t\t[vc_separator color=&#8221;custom&#8221; align=&#8221;align_left&#8221; border_width=&#8221;7&#8243; el_width=&#8221;10&#8243; css=&#8221;&#8221; accent_color=&#8221;#996416&#8243; wd_hide_on_desktop=&#8221;no&#8221; wd_hide_on_tablet=&#8221;no&#8221; wd_hide_on_mobile=&#8221;no&#8221;]\t\t\t<link rel=\"stylesheet\" id=\"wd-list-css\" href=\"https:\/\/eratechmt.com.tr\/wp-content\/themes\/woodmart\/css\/parts\/el-list.min.css?ver=7.6.0\" type=\"text\/css\" media=\"all\" \/> \t\t\t\n\t\t<ul class=\" wd-rs-66ec39a6255a0 wd-list wd-wpb color-scheme- wd-fontsize-xs wd-list-type-icon wd-list-style-default wd-justify-left \" id=\"wd-66ec39a6255a0\">\n\t\t\t\t\t\t\t\t\t\t\t<li>\n\t\t\t\t\t<img loading=\"lazy\" decoding=\"async\"  src=\"https:\/\/eratechmt.com.tr\/wp-content\/uploads\/2021\/08\/wd-cursor-dark.svg\" title=\"wd-cursor-dark\" width=\"25\" height=\"25\">\n\t\t\t\t\t<span class=\"list-content\">I\u015f\u0131ktepe OSB Mah. Eflatun Cad. No:8 Nil\u00fcfer \/ Bursa \/ T\u00fcrkiye   <\/span>\n\t\t\t\t\t\t\t\t\t<\/li>\n\t\t\t\t\t\t\t\t\t\t\t<li>\n\t\t\t\t\t<img loading=\"lazy\" decoding=\"async\"  src=\"https:\/\/eratechmt.com.tr\/wp-content\/uploads\/2021\/08\/wd-phone-dark.svg\" title=\"wd-phone-dark\" width=\"25\" height=\"25\">\n\t\t\t\t\t<span class=\"list-content\">+90 (224) 532 1352<\/span>\n\t\t\t\t\t\t\t\t\t<\/li>\n\t\t\t\t\t\t\t\t\t\t\t<li>\n\t\t\t\t\t<img loading=\"lazy\" decoding=\"async\"  src=\"https:\/\/eratechmt.com.tr\/wp-content\/uploads\/2021\/08\/wd-envelope-dark.svg\" title=\"wd-envelope-dark\" width=\"25\" height=\"25\">\n\t\t\t\t\t<span class=\"list-content\">info@eratechmt.com.tr<\/span>\n\t\t\t\t\t\t\t\t\t<\/li>\n\t\t\t\t\t<\/ul>\n\t\t[\/vc_column][vc_column css=&#8221;.vc_custom_1496927688909{padding-top: 20px !important;padding-right: 50px !important;padding-bottom: 10px !important;padding-left: 50px !important;}&#8221; offset=&#8221;vc_col-lg-6 vc_col-md-6&#8243;]\n\t\t<div id=\"wd-66dc9e6125f4d\" class=\"title-wrapper wd-wpb set-mb-s reset-last-child  wd-rs-66dc9e6125f4d wd-title-color-default wd-title-style-default text-left  wd-underline-colored\">\n\t\t\t\n\t\t\t<div class=\"liner-continer\">\n\t\t\t\t<h4 class=\"woodmart-title-container title  wd-font-weight- wd-fontsize-l\" >BECOME OUR SUPPLIER<\/h4>\n\t\t\t\t\t\t\t<\/div>\n\t\t\t\n\t\t\t\n\t\t\t\n\t\t<\/div>\n\t\t\n\t\t[vc_separator color=&#8221;custom&#8221; align=&#8221;align_left&#8221; border_width=&#8221;7&#8243; el_width=&#8221;10&#8243; css=&#8221;&#8221; accent_color=&#8221;#996416&#8243; wd_hide_on_desktop=&#8221;no&#8221; wd_hide_on_tablet=&#8221;no&#8221; wd_hide_on_mobile=&#8221;no&#8221;][vc_column_text css=&#8221;&#8221; woodmart_inline=&#8221;no&#8221; text_larger=&#8221;no&#8221;]To become our business partner, all you have to do is spend a little time with us.<br \/>\nFor a successful and long-term co-operation, we check whether your company meets our requirements.<br \/>\nWe coordinate all processes with you and add you to our supplier portfolio.<br \/>\nWir stimmen alle Prozesse mit Ihnen ab und nehmen Sie in unser Lieferantenportfolio auf.[\/vc_column_text]\n<div class=\"wpcf7 no-js\" id=\"wpcf7-f1938-o1\" lang=\"en-US\" dir=\"ltr\">\n<div class=\"screen-reader-response\"><p role=\"status\" aria-live=\"polite\" aria-atomic=\"true\"><\/p> <ul><\/ul><\/div>\n<form action=\"\/en\/wp-json\/wp\/v2\/pages\/10642#wpcf7-f1938-o1\" method=\"post\" class=\"wpcf7-form init\" aria-label=\"Contact form\" novalidate=\"novalidate\" data-status=\"init\">\n<div style=\"display: none;\">\n<input type=\"hidden\" name=\"_wpcf7\" value=\"1938\" \/>\n<input type=\"hidden\" name=\"_wpcf7_version\" value=\"5.9.8\" \/>\n<input type=\"hidden\" name=\"_wpcf7_locale\" value=\"en_US\" \/>\n<input type=\"hidden\" name=\"_wpcf7_unit_tag\" value=\"wpcf7-f1938-o1\" \/>\n<input type=\"hidden\" name=\"_wpcf7_container_post\" value=\"0\" \/>\n<input type=\"hidden\" name=\"_wpcf7_posted_data_hash\" value=\"\" \/>\n<\/div>\n<div class=\"row\">\n\t<p class=\"col-md-6\"><label>Ad\u0131n\u0131z<\/label><span class=\"wpcf7-form-control-wrap\" data-name=\"your-name\"><input size=\"40\" maxlength=\"400\" class=\"wpcf7-form-control wpcf7-text wpcf7-validates-as-required\" aria-required=\"true\" aria-invalid=\"false\" value=\"\" type=\"text\" name=\"your-name\" \/><\/span>\n\t<\/p>\n\t<p class=\"col-md-6\"><label>Email<\/label><span class=\"wpcf7-form-control-wrap\" data-name=\"your-email\"><input size=\"40\" maxlength=\"400\" class=\"wpcf7-form-control wpcf7-email wpcf7-validates-as-required wpcf7-text wpcf7-validates-as-email\" aria-required=\"true\" aria-invalid=\"false\" value=\"\" type=\"email\" name=\"your-email\" \/><\/span>\n\t<\/p>\n<\/div>\n<div class=\"row\">\n\t<p class=\"col-md-6\"><label>Telefon<\/label><span class=\"wpcf7-form-control-wrap\" data-name=\"tel-767\"><input size=\"40\" maxlength=\"400\" class=\"wpcf7-form-control wpcf7-tel wpcf7-text wpcf7-validates-as-tel\" aria-invalid=\"false\" value=\"\" type=\"tel\" name=\"tel-767\" \/><\/span>\n\t<\/p>\n\t<p class=\"col-md-6\"><label>Firma <\/label><span class=\"wpcf7-form-control-wrap\" data-name=\"text-1\"><input size=\"40\" maxlength=\"400\" class=\"wpcf7-form-control wpcf7-text\" aria-invalid=\"false\" value=\"\" type=\"text\" name=\"text-1\" \/><\/span>\n\t<\/p>\n<\/div>\n<p><label>Mesaj\u0131n\u0131z<\/label><span class=\"wpcf7-form-control-wrap\" data-name=\"your-message\"><textarea cols=\"40\" rows=\"10\" maxlength=\"2000\" class=\"wpcf7-form-control wpcf7-textarea\" aria-invalid=\"false\" name=\"your-message\"><\/textarea><\/span>\n<\/p>\n<p><span class=\"wpcf7-form-control-wrap\" data-name=\"checkbox-848\"><span class=\"wpcf7-form-control wpcf7-checkbox wpcf7-validates-as-required\"><span class=\"wpcf7-list-item first last\"><label><input type=\"checkbox\" name=\"checkbox-848[]\" value=\"\u201cVER\u0130 KORUMA BEYANINI\u201d okudum  ve kabul ediyorum.*\" \/><span class=\"wpcf7-list-item-label\">\u201cVER\u0130 KORUMA BEYANINI\u201d okudum  ve kabul ediyorum.*<\/span><\/label><\/span><\/span><\/span>\n<\/p>\n<p><input class=\"wpcf7-form-control wpcf7-submit has-spinner btn-color-black\" type=\"submit\" value=\"G\u00f6nder\" \/>\n<\/p><div class=\"wpcf7-response-output\" aria-hidden=\"true\"><\/div>\n<\/form>\n<\/div>\n[\/vc_column][\/vc_row]<\/p>\n<\/div>","protected":false},"excerpt":{"rendered":"<p>[vc_row full_width=&#8221;stretch_row_content_no_spaces&#8221; css_animation=&#8221;none&#8221; css=&#8221;.vc_custom_1635871490467{margin-top: -40px !important;margin-bottom: 80px !important;}&#8221; woodmart_css_id=&#8221;61816afa77f62&#8243; responsive_spacing=&#8221;eyJwYXJhbV90eXBlIjoid29vZG1hcnRfcmVzcG9uc2l2ZV9zcGFjaW5nIiwic2VsZWN0b3JfaWQiOiI2MTgxNmFmYTc3ZjYyIiwic2hvcnRjb2RlIjoidmNfcm93IiwiZGF0YSI6eyJ0YWJsZXQiOnsibWFyZ2luLWJvdHRvbSI6IjYwIn0sIm1vYmlsZSI6e319fQ==&#8221; mobile_bg_img_hidden=&#8221;no&#8221; tablet_bg_img_hidden=&#8221;no&#8221; woodmart_parallax=&#8221;0&#8243; woodmart_gradient_switch=&#8221;no&#8221; woodmart_box_shadow=&#8221;no&#8221; wd_z_index=&#8221;no&#8221; woodmart_disable_overflow=&#8221;0&#8243; row_reverse_mobile=&#8221;0&#8243; row_reverse_tablet=&#8221;0&#8243;][vc_column][vc_column_text css=&#8221;&#8221;<\/p>\n","protected":false},"author":1,"featured_media":0,"parent":0,"menu_order":0,"comment_status":"closed","ping_status":"closed","template":"","meta":{"footnotes":""},"class_list":["post-10642","page","type-page","status-publish","hentry"],"_links":{"self":[{"href":"https:\/\/eratechmt.com.tr\/en\/wp-json\/wp\/v2\/pages\/10642"}],"collection":[{"href":"https:\/\/eratechmt.com.tr\/en\/wp-json\/wp\/v2\/pages"}],"about":[{"href":"https:\/\/eratechmt.com.tr\/en\/wp-json\/wp\/v2\/types\/page"}],"author":[{"embeddable":true,"href":"https:\/\/eratechmt.com.tr\/en\/wp-json\/wp\/v2\/users\/1"}],"replies":[{"embeddable":true,"href":"https:\/\/eratechmt.com.tr\/en\/wp-json\/wp\/v2\/comments?post=10642"}],"version-history":[{"count":3,"href":"https:\/\/eratechmt.com.tr\/en\/wp-json\/wp\/v2\/pages\/10642\/revisions"}],"predecessor-version":[{"id":10716,"href":"https:\/\/eratechmt.com.tr\/en\/wp-json\/wp\/v2\/pages\/10642\/revisions\/10716"}],"wp:attachment":[{"href":"https:\/\/eratechmt.com.tr\/en\/wp-json\/wp\/v2\/media?parent=10642"}],"curies":[{"name":"wp","href":"https:\/\/api.w.org\/{rel}","templated":true}]}}