{"id":10669,"date":"2024-09-08T13:52:23","date_gmt":"2024-09-08T13:52:23","guid":{"rendered":"https:\/\/eratechmt.com.tr\/steigerung-der-effizienz\/"},"modified":"2024-09-18T20:22:22","modified_gmt":"2024-09-18T20:22:22","slug":"steigerung-der-effizienz","status":"publish","type":"page","link":"https:\/\/eratechmt.com.tr\/de\/steigerung-der-effizienz\/","title":{"rendered":"Steigerung der Effizienz"},"content":{"rendered":"<div class=\"wpb-content-wrapper\"><p>[vc_row][vc_column]\t\t\t<link rel=\"stylesheet\" id=\"wd-section-title-css\" href=\"https:\/\/eratechmt.com.tr\/wp-content\/themes\/woodmart\/css\/parts\/el-section-title.min.css?ver=7.6.0\" type=\"text\/css\" media=\"all\" \/> \t\t\t\t\t\t<link rel=\"stylesheet\" id=\"wd-mod-highlighted-text-css\" href=\"https:\/\/eratechmt.com.tr\/wp-content\/themes\/woodmart\/css\/parts\/mod-highlighted-text.min.css?ver=7.6.0\" type=\"text\/css\" media=\"all\" \/> \t\t\t\n\t\t<div id=\"wd-66dda2b9997f5\" class=\"title-wrapper wd-wpb set-mb-s reset-last-child  wd-rs-66dda2b9997f5 wd-title-color-default wd-title-style-default text-left  wd-underline-colored\">\n\t\t\t\n\t\t\t<div class=\"liner-continer\">\n\t\t\t\t<h4 class=\"woodmart-title-container title  wd-font-weight- wd-fontsize-xxl\" >Steigerung der Effizienz<\/h4>\n\t\t\t\t\t\t\t<\/div>\n\t\t\t\n\t\t\t\n\t\t\t\n\t\t<\/div>\n\t\t\n\t\t[vc_separator color=&#8220;custom&#8220; align=&#8220;align_left&#8220; border_width=&#8220;7&#8243; el_width=&#8220;10&#8243; css=&#8220;&#8220; accent_color=&#8220;#9D6612&#8243; wd_hide_on_desktop=&#8220;no&#8220; wd_hide_on_tablet=&#8220;no&#8220; wd_hide_on_mobile=&#8220;no&#8220;][\/vc_column][\/vc_row][vc_row][vc_column][vc_column_text css=&#8220;&#8220; woodmart_inline=&#8220;no&#8220; text_larger=&#8220;no&#8220;]<\/p>\n<p class=\"p1\"><span style=\"font-size: 14pt;\">Es lohnt sich f\u00fcr Sie!<\/span><\/p>\n<p class=\"p1\"><span style=\"font-size: 14pt;\">Die ERATECH MT garantiert die Komplettl\u00f6sung und mehrere Sicherheit und Nachhaltigkeit.<\/span><\/p>\n<p class=\"p1\"><span style=\"font-size: 14pt;\">Wir stehen Ihnen mit Rat und Tat und unserem umfassenden Know-how zur Seite. Mit uns diskutieren Sie bereits in der Projektphase, damit alle relevanten Fragen von Anfang an gekl\u00e4rt werden k\u00f6nnen einbezogen werden k\u00f6nnen. <\/span><\/p>\n<ul>\n<li class=\"p1\"><span style=\"font-size: 14pt;\">Planungssicherheit, Verbindlichkeit und Zuverl\u00e4ssigkeit<\/span><\/li>\n<li class=\"p1\"><span style=\"font-size: 14pt;\">Realisierung mit h\u00f6chster Qualit\u00e4t und modernster Technik<\/span><\/li>\n<li class=\"p1\"><span style=\"font-size: 14pt;\">Einzigartige montageorientierte Verpackungsund Logistikkonzepte<\/span><\/li>\n<li class=\"p1\"><span style=\"font-size: 14pt;\">Verk\u00fcrzung der Montagezeiten durch einbaufertige Baugruppen<\/span><\/li>\n<li class=\"p1\"><span style=\"font-size: 14pt;\">Reduktion des Schnittstellenrisikos<\/span><\/li>\n<li class=\"p1\"><span style=\"font-size: 14pt;\">Standardisierte und kontinuierliche Qualit\u00e4tskontrolle<\/span><\/li>\n<li class=\"p1\"><span style=\"font-size: 14pt;\">Zeitersparnis durch optimierte Koordination<\/span><\/li>\n<li class=\"p1\"><span style=\"font-size: 14pt;\">Klar definierte Kosten<\/span><\/li>\n<\/ul>\n<p>[\/vc_column_text][\/vc_column][\/vc_row][vc_row][vc_column][vc_empty_space height=&#8220;322px&#8220; woodmart_hide_large=&#8220;0&#8243; woodmart_hide_medium=&#8220;0&#8243; woodmart_hide_small=&#8220;0&#8243;][\/vc_column][\/vc_row]<\/p>\n<\/div>","protected":false},"excerpt":{"rendered":"<p>[vc_row][vc_column][vc_separator color=&#8220;custom&#8220; align=&#8220;align_left&#8220; border_width=&#8220;7&#8243; el_width=&#8220;10&#8243; css=&#8220;&#8220; accent_color=&#8220;#9D6612&#8243; wd_hide_on_desktop=&#8220;no&#8220; wd_hide_on_tablet=&#8220;no&#8220; wd_hide_on_mobile=&#8220;no&#8220;][\/vc_column][\/vc_row][vc_row][vc_column][vc_column_text css=&#8220;&#8220; woodmart_inline=&#8220;no&#8220; text_larger=&#8220;no&#8220;] Es lohnt sich f\u00fcr Sie! Die ERATECH<\/p>\n","protected":false},"author":1,"featured_media":0,"parent":0,"menu_order":0,"comment_status":"closed","ping_status":"closed","template":"","meta":{"footnotes":""},"class_list":["post-10669","page","type-page","status-publish","hentry"],"_links":{"self":[{"href":"https:\/\/eratechmt.com.tr\/de\/wp-json\/wp\/v2\/pages\/10669"}],"collection":[{"href":"https:\/\/eratechmt.com.tr\/de\/wp-json\/wp\/v2\/pages"}],"about":[{"href":"https:\/\/eratechmt.com.tr\/de\/wp-json\/wp\/v2\/types\/page"}],"author":[{"embeddable":true,"href":"https:\/\/eratechmt.com.tr\/de\/wp-json\/wp\/v2\/users\/1"}],"replies":[{"embeddable":true,"href":"https:\/\/eratechmt.com.tr\/de\/wp-json\/wp\/v2\/comments?post=10669"}],"version-history":[{"count":2,"href":"https:\/\/eratechmt.com.tr\/de\/wp-json\/wp\/v2\/pages\/10669\/revisions"}],"predecessor-version":[{"id":10671,"href":"https:\/\/eratechmt.com.tr\/de\/wp-json\/wp\/v2\/pages\/10669\/revisions\/10671"}],"wp:attachment":[{"href":"https:\/\/eratechmt.com.tr\/de\/wp-json\/wp\/v2\/media?parent=10669"}],"curies":[{"name":"wp","href":"https:\/\/api.w.org\/{rel}","templated":true}]}}