{"id":10636,"date":"2024-09-08T14:48:16","date_gmt":"2024-09-08T14:48:16","guid":{"rendered":"https:\/\/eratechmt.com.tr\/luftkanaele\/"},"modified":"2024-09-18T19:52:37","modified_gmt":"2024-09-18T19:52:37","slug":"luftkanaele","status":"publish","type":"page","link":"https:\/\/eratechmt.com.tr\/de\/luftkanaele\/","title":{"rendered":"Luftkan\u00e4le"},"content":{"rendered":"<div class=\"wpb-content-wrapper\"><p>[vc_row][vc_column]\t\t\t<link rel=\"stylesheet\" id=\"wd-section-title-css\" href=\"https:\/\/eratechmt.com.tr\/wp-content\/themes\/woodmart\/css\/parts\/el-section-title.min.css?ver=7.6.0\" type=\"text\/css\" media=\"all\" \/> \t\t\t\t\t\t<link rel=\"stylesheet\" id=\"wd-mod-highlighted-text-css\" href=\"https:\/\/eratechmt.com.tr\/wp-content\/themes\/woodmart\/css\/parts\/mod-highlighted-text.min.css?ver=7.6.0\" type=\"text\/css\" media=\"all\" \/> \t\t\t\n\t\t<div id=\"wd-66ddb929eb890\" class=\"title-wrapper wd-wpb set-mb-s reset-last-child  wd-rs-66ddb929eb890 wd-title-color-default wd-title-style-default text-left  wd-underline-colored\">\n\t\t\t\n\t\t\t<div class=\"liner-continer\">\n\t\t\t\t<h4 class=\"woodmart-title-container title  wd-font-weight- wd-fontsize-xxl\" >Luftkan\u00e4le<\/h4>\n\t\t\t\t\t\t\t<\/div>\n\t\t\t\n\t\t\t\n\t\t\t\n\t\t<\/div>\n\t\t\n\t\t[vc_separator color=&#8220;custom&#8220; align=&#8220;align_left&#8220; border_width=&#8220;7&#8243; el_width=&#8220;10&#8243; css=&#8220;&#8220; accent_color=&#8220;#9D6612&#8243; wd_hide_on_desktop=&#8220;no&#8220; wd_hide_on_tablet=&#8220;no&#8220; wd_hide_on_mobile=&#8220;no&#8220;][\/vc_column][\/vc_row][vc_row][vc_column][vc_column_text css=&#8220;&#8220; woodmart_inline=&#8220;no&#8220; text_larger=&#8220;no&#8220;]<span style=\"font-size: 14pt;\">Ma\u00dfgeschneidert und einbaufertig! F\u00fcr uns bedeutet \u201eeinfach\u201c auch \u201eleicht\u201c: Das bedeutet, dass die Luftkan\u00e4le <\/span><br \/>\n<span style=\"font-size: 14pt;\">Installation sowie die Wartung und Reinigung nach der Installation.<\/span><\/p>\n<p><span style=\"font-size: 14pt;\">Wir liefern Ihnen einbaufertige, leichte Luftkanalsysteme und Luftverteilerk\u00e4sten. Faserverbundwerkstoffe, nat\u00fcrlich eine leichte und platzsparende Bauweise, die die Fahrzeuggeometrie und den Einbauraum ber\u00fccksichtigt m\u00f6glich. Dank ihrer hervorragenden Isolationseigenschaften ist keine zus\u00e4tzliche W\u00e4rmed\u00e4mmung erforderlich und unsere Luftkan\u00e4le sind zudem schallged\u00e4mmt. Die glatten Oberfl\u00e4chen unserer Bauteile und ihre Best\u00e4ndigkeit gegen g\u00e4ngige Reinigungsmittel. Die neuesten Anforderungen an Brandschutz und Stabilit\u00e4t werden erf\u00fcllt.   <\/span>[\/vc_column_text][\/vc_column][\/vc_row][vc_row][vc_column][vc_empty_space height=&#8220;322px&#8220; woodmart_hide_large=&#8220;0&#8243; woodmart_hide_medium=&#8220;0&#8243; woodmart_hide_small=&#8220;0&#8243;][\/vc_column][\/vc_row]<\/p>\n<\/div>","protected":false},"excerpt":{"rendered":"<p>[vc_row][vc_column][vc_separator color=&#8220;custom&#8220; align=&#8220;align_left&#8220; border_width=&#8220;7&#8243; el_width=&#8220;10&#8243; css=&#8220;&#8220; accent_color=&#8220;#9D6612&#8243; wd_hide_on_desktop=&#8220;no&#8220; wd_hide_on_tablet=&#8220;no&#8220; wd_hide_on_mobile=&#8220;no&#8220;][\/vc_column][\/vc_row][vc_row][vc_column][vc_column_text css=&#8220;&#8220; woodmart_inline=&#8220;no&#8220; text_larger=&#8220;no&#8220;]Ma\u00dfgeschneidert und einbaufertig! F\u00fcr uns bedeutet \u201eeinfach\u201c auch<\/p>\n","protected":false},"author":1,"featured_media":0,"parent":0,"menu_order":0,"comment_status":"closed","ping_status":"closed","template":"","meta":{"footnotes":""},"class_list":["post-10636","page","type-page","status-publish","hentry"],"_links":{"self":[{"href":"https:\/\/eratechmt.com.tr\/de\/wp-json\/wp\/v2\/pages\/10636"}],"collection":[{"href":"https:\/\/eratechmt.com.tr\/de\/wp-json\/wp\/v2\/pages"}],"about":[{"href":"https:\/\/eratechmt.com.tr\/de\/wp-json\/wp\/v2\/types\/page"}],"author":[{"embeddable":true,"href":"https:\/\/eratechmt.com.tr\/de\/wp-json\/wp\/v2\/users\/1"}],"replies":[{"embeddable":true,"href":"https:\/\/eratechmt.com.tr\/de\/wp-json\/wp\/v2\/comments?post=10636"}],"version-history":[{"count":2,"href":"https:\/\/eratechmt.com.tr\/de\/wp-json\/wp\/v2\/pages\/10636\/revisions"}],"predecessor-version":[{"id":10638,"href":"https:\/\/eratechmt.com.tr\/de\/wp-json\/wp\/v2\/pages\/10636\/revisions\/10638"}],"wp:attachment":[{"href":"https:\/\/eratechmt.com.tr\/de\/wp-json\/wp\/v2\/media?parent=10636"}],"curies":[{"name":"wp","href":"https:\/\/api.w.org\/{rel}","templated":true}]}}