{"id":10633,"date":"2021-08-25T07:26:28","date_gmt":"2021-08-25T07:26:28","guid":{"rendered":"https:\/\/eratechmt.com.tr\/ueber-uns\/"},"modified":"2024-09-18T19:31:26","modified_gmt":"2024-09-18T19:31:26","slug":"ueber-uns","status":"publish","type":"page","link":"https:\/\/eratechmt.com.tr\/de\/ueber-uns\/","title":{"rendered":"\u00dcber uns"},"content":{"rendered":"<div class=\"wpb-content-wrapper\"><p>[vc_row full_width=&#8220;stretch_row&#8220; content_placement=&#8220;middle&#8220; css=&#8220;.vc_custom_1725734743792{margin-top: -40px !important;padding-top: 80px !important;padding-bottom: 40px !important;background-color: #f9f9f9 !important;}&#8220; mobile_bg_img_hidden=&#8220;no&#8220; tablet_bg_img_hidden=&#8220;no&#8220; woodmart_parallax=&#8220;0&#8243; woodmart_gradient_switch=&#8220;no&#8220; row_reverse_mobile=&#8220;0&#8243; row_reverse_tablet=&#8220;0&#8243; woodmart_disable_overflow=&#8220;0&#8243; wd_z_index=&#8220;no&#8220; woodmart_css_id=&#8220;66dc9f538ba59&#8243; responsive_spacing=&#8220;eyJwYXJhbV90eXBlIjoid29vZG1hcnRfcmVzcG9uc2l2ZV9zcGFjaW5nIiwic2VsZWN0b3JfaWQiOiI2NmRjOWY1MzhiYTU5Iiwic2hvcnRjb2RlIjoidmNfcm93IiwiZGF0YSI6eyJ0YWJsZXQiOnt9LCJtb2JpbGUiOnsibWFyZ2luLWJvdHRvbSI6IjYwcHgiLCJwYWRkaW5nLXRvcCI6IjYwcHgiLCJwYWRkaW5nLWJvdHRvbSI6IjIwcHgifX19&#8243; woodmart_box_shadow=&#8220;no&#8220;][vc_column width=&#8220;1\/12&#8243; css=&#8220;.vc_custom_1725734738127{margin-bottom: 0px !important;padding-top: 0px !important;}&#8220; mobile_bg_img_hidden=&#8220;no&#8220; tablet_bg_img_hidden=&#8220;no&#8220; woodmart_parallax=&#8220;0&#8243; woodmart_sticky_column=&#8220;false&#8220; parallax_scroll=&#8220;no&#8220; mobile_reset_margin=&#8220;no&#8220; tablet_reset_margin=&#8220;no&#8220; offset=&#8220;vc_col-lg-12 vc_col-md-12 vc_col-xs-12&#8243; wd_z_index=&#8220;no&#8220; woodmart_css_id=&#8220;66dc9f504b0a0&#8243; responsive_spacing=&#8220;eyJwYXJhbV90eXBlIjoid29vZG1hcnRfcmVzcG9uc2l2ZV9zcGFjaW5nIiwic2VsZWN0b3JfaWQiOiI2NmRjOWY1MDRiMGEwIiwic2hvcnRjb2RlIjoidmNfY29sdW1uIiwiZGF0YSI6eyJ0YWJsZXQiOnt9LCJtb2JpbGUiOnt9fX0=&#8220; wd_collapsible_content_switcher=&#8220;no&#8220; wd_column_role_offcanvas_desktop=&#8220;no&#8220; wd_column_role_offcanvas_tablet=&#8220;no&#8220; wd_column_role_offcanvas_mobile=&#8220;no&#8220; wd_column_role_content_desktop=&#8220;no&#8220; wd_column_role_content_tablet=&#8220;no&#8220; wd_column_role_content_mobile=&#8220;no&#8220; woodmart_box_shadow=&#8220;no&#8220;]\t\t\t<link rel=\"stylesheet\" id=\"wd-section-title-css\" href=\"https:\/\/eratechmt.com.tr\/wp-content\/themes\/woodmart\/css\/parts\/el-section-title.min.css?ver=7.6.0\" type=\"text\/css\" media=\"all\" \/> \t\t\t\t\t\t<link rel=\"stylesheet\" id=\"wd-mod-highlighted-text-css\" href=\"https:\/\/eratechmt.com.tr\/wp-content\/themes\/woodmart\/css\/parts\/mod-highlighted-text.min.css?ver=7.6.0\" type=\"text\/css\" media=\"all\" \/> \t\t\t\n\t\t<div id=\"wd-66e150721db93\" class=\"title-wrapper wd-wpb set-mb-s reset-last-child  wd-rs-66e150721db93 wd-title-color-primary wd-title-style-default text-left vc_custom_1726042232675 wd-width-enabled wd-underline-colored\" style=\"--wd-max-width: 90%;\">\n\t\t\t\t\t\t\t<div class=\"title-subtitle  subtitle-color-primary font-default subtitle-style-default wd-font-weight-600 wd-fontsize-xs\">\u00dcber uns<\/div>\n\t\t\t\n\t\t\t<div class=\"liner-continer\">\n\t\t\t\t<h4 class=\"woodmart-title-container title  wd-font-weight- wd-fontsize-xxl\" >Profitieren Sie von unserem Know-how und lassen Sie uns Ihr Partner f\u00fcr Komplettl\u00f6sungen sein.<\/h4>\n\t\t\t\t\t\t\t<\/div>\n\t\t\t\n\t\t\t\n\t\t\t\n\t\t<\/div>\n\t\t\n\t\t[\/vc_column][\/vc_row][vc_row gap=&#8220;35&#8243; woodmart_css_id=&#8220;66dc9f2e1b935&#8243; responsive_spacing=&#8220;eyJwYXJhbV90eXBlIjoid29vZG1hcnRfcmVzcG9uc2l2ZV9zcGFjaW5nIiwic2VsZWN0b3JfaWQiOiI2NmRjOWYyZTFiOTM1Iiwic2hvcnRjb2RlIjoidmNfcm93IiwiZGF0YSI6eyJ0YWJsZXQiOnt9LCJtb2JpbGUiOnt9fX0=&#8220; mobile_bg_img_hidden=&#8220;no&#8220; tablet_bg_img_hidden=&#8220;no&#8220; woodmart_parallax=&#8220;0&#8243; woodmart_gradient_switch=&#8220;no&#8220; woodmart_box_shadow=&#8220;no&#8220; wd_z_index=&#8220;no&#8220; woodmart_disable_overflow=&#8220;0&#8243; row_reverse_mobile=&#8220;0&#8243; row_reverse_tablet=&#8220;0&#8243;][vc_column width=&#8220;1\/2&#8243;]\t\t<div id=\"wd-66e197ccd4045\" class=\"wd-image wd-wpb wd-rs-66e197ccd4045 text-left vc_custom_1726060498553\">\n\t\t\t\n\t\t\t<img loading=\"lazy\" decoding=\"async\" width=\"630\" height=\"580\" src=\"https:\/\/eratechmt.com.tr\/wp-content\/uploads\/2024\/09\/home-banner-about.png\" class=\"attachment-full size-full\" alt=\"\" srcset=\"https:\/\/eratechmt.com.tr\/wp-content\/uploads\/2024\/09\/home-banner-about.png 630w, https:\/\/eratechmt.com.tr\/wp-content\/uploads\/2024\/09\/home-banner-about-326x300.png 326w, https:\/\/eratechmt.com.tr\/wp-content\/uploads\/2024\/09\/home-banner-about-430x396.png 430w, https:\/\/eratechmt.com.tr\/wp-content\/uploads\/2024\/09\/home-banner-about-150x138.png 150w\" sizes=\"(max-width: 630px) 100vw, 630px\" \/>\n\t\t\t\t\t<\/div>\n\t\t[\/vc_column][vc_column width=&#8220;1\/2&#8243;]\n\t\t<div id=\"wd-66e197bfcf56a\" class=\"title-wrapper wd-wpb set-mb-s reset-last-child  wd-rs-66e197bfcf56a wd-title-color-primary wd-title-style-default text-left vc_custom_1726060485124 wd-underline-colored\">\n\t\t\t\n\t\t\t<div class=\"liner-continer\">\n\t\t\t\t<h4 class=\"woodmart-title-container title  wd-font-weight- wd-fontsize-xxl\" >ERATECH MT,<\/h4>\n\t\t\t\t\t\t\t<\/div>\n\t\t\t\n\t\t\t\n\t\t\t\n\t\t<\/div>\n\t\t\n\t\t\t\t\t<link rel=\"stylesheet\" id=\"wd-text-block-css\" href=\"https:\/\/eratechmt.com.tr\/wp-content\/themes\/woodmart\/css\/parts\/el-text-block.min.css?ver=7.6.0\" type=\"text\/css\" media=\"all\" \/> \t\t\t\t\t<div id=\"wd-66e197c72bb5d\" class=\"wd-text-block wd-wpb reset-last-child wd-rs-66e197c72bb5d text-left wd-fontsize-custom vc_custom_1726060491221\">\n\t\t\t<p class=\"p1\"><span style=\"font-size: 14pt;\"><strong>Als ERATECH MT,<\/strong><\/span><\/p>\n<p class=\"p1\"><span style=\"font-size: 14pt;\">Mit qualifizierten Ingenieuren aus der Industrie, Know-how, Kompetenz und Marktkenntnis der beste Gesch\u00e4ftspartner f\u00fcr Sie bei der Umsetzung Ihrer Produkte, indem wir sie als Dienstleistung und wir arbeiten vom Anfang bis zum Ende Ihrer Projekte, \u201eschl\u00fcsselfertig\u201c Projekt wir sind ein Unternehmen, diese Aufgaben machen. Unser starkes Netzwerk von Lieferanten in verschiedenen Bereichen und mit unseren langj\u00e4hrigen Sektorexperiment k\u00f6nnen wir Ihre Bed\u00fcrfnisse und Anforderungen am besten erf\u00fcllen. <\/span><\/p>\n<p class=\"p1\"><span style=\"font-size: 14pt;\">Wir helfen Ihnen, Ihre Zielm\u00e4rkte zu entwickeln und zu erweitern. <br \/>Mit unseren erfahrenen Teams \u00fcbernehmen wir Ihr Gesch\u00e4ft und k\u00fcmmern uns um die Auswahl geeigneter Lieferanten, die Produktionsbegleitung, Wir stehen Ihnen mit Transport- und After-Sales-Diensten zur Seite. <\/span><\/p>\n<p class=\"p1\"><span style=\"font-size: 14pt;\">Lassen Sie uns ein L\u00f6sungspartner f\u00fcr Ihre Projekte sein. Das ist unser Ziel und gleichzeitig unser Versprechen an Sie. Ist unser Versprechen. <\/span><\/p>\n<p class=\"p1\"><span style=\"font-size: 14pt;\">In den Bereichen Schienensysteme, Personen- und Nutzfahrzeuge sowie Haushaltgeraete <br \/>sind wir stets Ihr zuverl\u00e4ssiger <span class=\"Apple-converted-space\">Gesch\u00e4ftspartner<\/span>.<\/span><\/p>\n\t\t<\/div>\n\t\t[\/vc_column][\/vc_row][vc_row woodmart_stretch_content=&#8220;section-stretch&#8220; css=&#8220;.vc_custom_1725795585024{background-color: #F4F4F4 !important;}&#8220; woodmart_css_id=&#8220;66dd8cfe775fd&#8220; responsive_spacing=&#8220;eyJwYXJhbV90eXBlIjoid29vZG1hcnRfcmVzcG9uc2l2ZV9zcGFjaW5nIiwic2VsZWN0b3JfaWQiOiI2NmRkOGNmZTc3NWZkIiwic2hvcnRjb2RlIjoidmNfcm93IiwiZGF0YSI6eyJ0YWJsZXQiOnt9LCJtb2JpbGUiOnt9fX0=&#8220; mobile_bg_img_hidden=&#8220;no&#8220; tablet_bg_img_hidden=&#8220;no&#8220; woodmart_parallax=&#8220;0&#8243; woodmart_gradient_switch=&#8220;no&#8220; woodmart_box_shadow=&#8220;no&#8220; wd_z_index=&#8220;no&#8220; woodmart_disable_overflow=&#8220;0&#8243; row_reverse_mobile=&#8220;0&#8243; row_reverse_tablet=&#8220;0&#8243;][vc_column]\t\t\t<link rel=\"stylesheet\" id=\"wd-section-title-style-simple-and-brd-css\" href=\"https:\/\/eratechmt.com.tr\/wp-content\/themes\/woodmart\/css\/parts\/el-section-title-style-simple-and-brd.min.css?ver=7.6.0\" type=\"text\/css\" media=\"all\" \/> \t\t\t\n\t\t<div id=\"wd-66e15a224df80\" class=\"title-wrapper wd-wpb set-mb-s reset-last-child  wd-rs-66e15a224df80 wd-title-color-primary wd-title-style-simple text-left  wd-underline-colored\">\n\t\t\t\n\t\t\t<div class=\"liner-continer\">\n\t\t\t\t<h4 class=\"woodmart-title-container title  wd-font-weight-700 wd-fontsize-xl\" >Vision<\/h4>\n\t\t\t\t\t\t\t<\/div>\n\t\t\t\n\t\t\t\t\t\t\t<div class=\"title-after_title  set-cont-mb-s reset-last-child  wd-fontsize-s\">Luft-, Verteidigungs-, Automobil-, Eisenbahn- und Seeverkehrsindustrie, die in Zukunft neue M\u00f6glichkeiten schaffen werden, Internationale Qualit\u00e4t f\u00fcr Haushaltgeraete und Mittel- und &lt;br&gt;Hochtechnologie Hauptindustrien Wir maximieren stets unsere Kundenorientierung mit unseren &lt;br&gt;Produkten und Dienstleistungen auf h\u00f6chstem Niveau. Indem wir es auf dem Niveau halten; eine seri\u00f6se, zuverl\u00e4ssige, bevorzugte Marke, die loyal zu ihren Werten ist ein Unternehmen werden soll.<\/div>\n\t\t\t\n\t\t\t\n\t\t<\/div>\n\t\t\n\t\t[\/vc_column][\/vc_row][vc_row][vc_column]\n\t\t<div id=\"wd-66dd8daa6e49e\" class=\"title-wrapper wd-wpb set-mb-s reset-last-child  wd-rs-66dd8daa6e49e wd-title-color-primary wd-title-style-simple text-left  wd-underline-colored\">\n\t\t\t\n\t\t\t<div class=\"liner-continer\">\n\t\t\t\t<h4 class=\"woodmart-title-container title  wd-font-weight-700 wd-fontsize-xl\" >Mission<\/h4>\n\t\t\t\t\t\t\t<\/div>\n\t\t\t\n\t\t\t\t\t\t\t<div class=\"title-after_title  set-cont-mb-s reset-last-child  wd-fontsize-s\">Mit der Beteiligung und Unterst\u00fctzung unserer Mitarbeiter, insbesondere in den Bereichen Automotive und Schienensystemen werden wir unser Know-how, unsere n\u00fctzlichen Konstruktionen und unsere Produktionsm\u00f6glichkeiten in den Zielsektoren nutzen, u.a. Qualit\u00e4ts- und wertorientiert, umweltbewusst, unter bestm\u00f6glicher Ausnutzung unserer F\u00e4higkeiten, zuverl\u00e4ssige Produkte mit sozialem Verantwortungsbewusstsein entwerfen und entwickeln.<\/div>\n\t\t\t\n\t\t\t\n\t\t<\/div>\n\t\t\n\t\t[\/vc_column][\/vc_row]<\/p>\n<\/div>","protected":false},"excerpt":{"rendered":"<p>[vc_row full_width=&#8220;stretch_row&#8220; content_placement=&#8220;middle&#8220; css=&#8220;.vc_custom_1725734743792{margin-top: -40px !important;padding-top: 80px !important;padding-bottom: 40px !important;background-color: #f9f9f9 !important;}&#8220; mobile_bg_img_hidden=&#8220;no&#8220; tablet_bg_img_hidden=&#8220;no&#8220; woodmart_parallax=&#8220;0&#8243; woodmart_gradient_switch=&#8220;no&#8220; row_reverse_mobile=&#8220;0&#8243; row_reverse_tablet=&#8220;0&#8243; woodmart_disable_overflow=&#8220;0&#8243; wd_z_index=&#8220;no&#8220;<\/p>\n","protected":false},"author":1,"featured_media":0,"parent":0,"menu_order":0,"comment_status":"closed","ping_status":"closed","template":"","meta":{"footnotes":""},"class_list":["post-10633","page","type-page","status-publish","hentry"],"_links":{"self":[{"href":"https:\/\/eratechmt.com.tr\/de\/wp-json\/wp\/v2\/pages\/10633"}],"collection":[{"href":"https:\/\/eratechmt.com.tr\/de\/wp-json\/wp\/v2\/pages"}],"about":[{"href":"https:\/\/eratechmt.com.tr\/de\/wp-json\/wp\/v2\/types\/page"}],"author":[{"embeddable":true,"href":"https:\/\/eratechmt.com.tr\/de\/wp-json\/wp\/v2\/users\/1"}],"replies":[{"embeddable":true,"href":"https:\/\/eratechmt.com.tr\/de\/wp-json\/wp\/v2\/comments?post=10633"}],"version-history":[{"count":2,"href":"https:\/\/eratechmt.com.tr\/de\/wp-json\/wp\/v2\/pages\/10633\/revisions"}],"predecessor-version":[{"id":10635,"href":"https:\/\/eratechmt.com.tr\/de\/wp-json\/wp\/v2\/pages\/10633\/revisions\/10635"}],"wp:attachment":[{"href":"https:\/\/eratechmt.com.tr\/de\/wp-json\/wp\/v2\/media?parent=10633"}],"curies":[{"name":"wp","href":"https:\/\/api.w.org\/{rel}","templated":true}]}}