{"id":10630,"date":"2024-09-08T11:51:38","date_gmt":"2024-09-08T11:51:38","guid":{"rendered":"https:\/\/eratechmt.com.tr\/qualitaetspolitik\/"},"modified":"2024-09-18T19:18:25","modified_gmt":"2024-09-18T19:18:25","slug":"qualitaetspolitik","status":"publish","type":"page","link":"https:\/\/eratechmt.com.tr\/de\/qualitaetspolitik\/","title":{"rendered":"Qualit\u00e4tspolitik"},"content":{"rendered":"<div class=\"wpb-content-wrapper\"><p>[vc_row][vc_column]\t\t\t<link rel=\"stylesheet\" id=\"wd-section-title-css\" href=\"https:\/\/eratechmt.com.tr\/wp-content\/themes\/woodmart\/css\/parts\/el-section-title.min.css?ver=7.6.0\" type=\"text\/css\" media=\"all\" \/> \t\t\t\t\t\t<link rel=\"stylesheet\" id=\"wd-mod-highlighted-text-css\" href=\"https:\/\/eratechmt.com.tr\/wp-content\/themes\/woodmart\/css\/parts\/mod-highlighted-text.min.css?ver=7.6.0\" type=\"text\/css\" media=\"all\" \/> \t\t\t\n\t\t<div id=\"wd-66dd8fdf81838\" class=\"title-wrapper wd-wpb set-mb-s reset-last-child  wd-rs-66dd8fdf81838 wd-title-color-default wd-title-style-default text-left  wd-underline-colored\">\n\t\t\t\n\t\t\t<div class=\"liner-continer\">\n\t\t\t\t<h4 class=\"woodmart-title-container title  wd-font-weight- wd-fontsize-xxl\" >Qualit\u00e4tspolitik<\/h4>\n\t\t\t\t\t\t\t<\/div>\n\t\t\t\n\t\t\t\n\t\t\t\n\t\t<\/div>\n\t\t\n\t\t[vc_separator color=&#8220;custom&#8220; align=&#8220;align_left&#8220; border_width=&#8220;7&#8243; el_width=&#8220;10&#8243; css=&#8220;&#8220; accent_color=&#8220;#9D6612&#8243; wd_hide_on_desktop=&#8220;no&#8220; wd_hide_on_tablet=&#8220;no&#8220; wd_hide_on_mobile=&#8220;no&#8220;][\/vc_column][\/vc_row][vc_row][vc_column][vc_column_text css=&#8220;&#8220; woodmart_inline=&#8220;no&#8220; text_larger=&#8220;no&#8220;]<\/p>\n<p class=\"p1\"><span style=\"font-size: 14pt;\">F\u00fcr die Mitarbeiter von ERATECH MT A.\u015e. ist die Philosophie der totalen Qualit\u00e4t eine kontinuierliche Lebensweise und wir passen unsere Prozesse unter Ber\u00fccksichtigung der besonderen Anforderungen unserer Kunden an. Gemeinsam mit unserem Team erstellen wir ein nationales und internationales Programm, das auf dem Prinzip der kontinuierlichen Verbesserung basiert. Wir verpflichten uns, die <br \/>Anwendung internationaler Standards; Umwelt- und Arbeitsschutz internationale und lokale Gesetzgebung, ethische Werte und Grunds\u00e4tze der sozialen Verantwortung einzuhalten.<\/p>\n<p><\/span><\/p>\n<p class=\"p1\"><span style=\"font-size: 14pt;\"><strong>Zu diesem Zweck<\/strong><\/span><\/p>\n<ul>\n<li class=\"p1\"><span style=\"font-size: 14pt;\">Unser ERATECH MT -Team f\u00fcr die kontinuierliche Verbesserung des Total Quality Management Systems Sicherstellung von Schulung, Autorisierung und Teilnahme.<\/span><\/li>\n<li class=\"p1\"><span style=\"font-size: 14pt;\">Die Ber\u00fccksichtigung der speziellen W\u00fcnsche unserer Kunden vor und nach dem Verkauf unsere Dienstleistungen <span class=\"Apple-converted-space\">vollst\u00e4ndig<\/span> zu erbringen.<\/span><\/li>\n<li class=\"p1\"><span style=\"font-size: 14pt;\">So zu arbeiten, dass die Qualit\u00e4tserwartungen unserer Kunden und Lieferanten erf\u00fcllt werden, die Modelle zu schaffen, um die Lieferung von Produkten zu gew\u00e4hrleisten, ohne die Qualit\u00e4t unter allen Umst\u00e4nden zu beeintr\u00e4chtigen zu liefern<\/span><\/li>\n<li class=\"p1\"><span style=\"font-size: 14pt;\">Mit unserem erfahrenen Team werden wir unsere Begabungen und Ressourcen auf die effektivste Weise einsetzen. die Bed\u00fcrfnisse und Erwartungen unserer Kunden zu erf\u00fcllen, die von unserem Unternehmen bedient werden, p\u00fcnktlich erf\u00fcllen,<\/span><\/li>\n<li class=\"p1\"><span style=\"font-size: 14pt;\">Indem wir im Einklang mit den Prinzipien und der Unternehmensidentit\u00e4t von ERATECH MT handeln, den gesetzlichen Anforderungen der Norm ISO 9001:2015, den Kundenspezifikationen einschlie\u00dflich der Dokumentation unseres <span class=\"Apple-converted-space\">Qualit\u00e4tsmanagementsystems<\/span>, sicherstellen, dass unsere Produkte zertifiziert sind und kontinuierlich verbessert werden.<\/span><\/li>\n<li><span style=\"font-size: 14pt;\">Sicherstellen, dass unsere Produkte gem\u00e4\u00df den Qualit\u00e4tsstandards hergestellt und kontrolliert werden.<\/span><\/li>\n<li class=\"p1\"><span style=\"font-size: 14pt;\">Wir arbeiten im Teamgeist mit unseren Lieferanten, Mitarbeitern und Gesch\u00e4ftspartnern um jeden von ihnen zu einem Teil des Qualit\u00e4tsmanagementsystems von ERATECH MT zu machen und einen effektiven Entscheidungsfindungsmechanismus zu gew\u00e4hrleisten,<\/span><\/li>\n<li class=\"p1\"><span style=\"font-size: 14pt;\">Unsere Lieferanten sind nach ISO 9001:2015, ISO 14001:2015 und ISO 45001:2018, und\/oder IATF16949:2016 und ISO\/TS 22163:2017 (IRIS) zertifiziert.<\/span><\/li>\n<li class=\"p1\"><span style=\"font-size: 14pt;\">Schutz des Kundeneigentums durch Vertraulichkeit und Zuverl\u00e4ssigkeit, um eine unbefugte Nutzung zu verhindern,<\/span><\/li>\n<li><span style=\"font-size: 14pt;\">Durch die Einhaltung der Gesetze und internationalen Normen; dem Alter unserer Mitarbeiter Entsprechend Sicherstellen, dass Kinder unter g\u00fcnstigen Bedingungen besch\u00e4ftigt werden und keine Kinderarbeit zulassen,<\/span><\/li>\n<li><span style=\"font-size: 14pt;\">Niemals Bestechung, Korruption und alle Arten von illegalen Aktivit\u00e4ten zuzulassen,<\/span><\/li>\n<li><span style=\"font-size: 14pt;\">Die Rechte unserer Mitarbeiter, Arbeitsbedingungen,<\/span><span style=\"font-size: 14pt;\"> L\u00f6hne und Rechte zu respektieren <br \/>keine Diskriminierung oder Ungerechtigkeit zuzulassen,<\/span><\/li>\n<\/ul>\n<p><span style=\"font-size: 14pt;\">Umsetzung unserer oben genannten Qualit\u00e4tspolitik als ERATECH MT-Management und deren Einhaltung sicherzustellen.<\/span>[\/vc_column_text][\/vc_column][\/vc_row]<\/p>\n<\/div>","protected":false},"excerpt":{"rendered":"<p>[vc_row][vc_column][vc_separator color=&#8220;custom&#8220; align=&#8220;align_left&#8220; border_width=&#8220;7&#8243; el_width=&#8220;10&#8243; css=&#8220;&#8220; accent_color=&#8220;#9D6612&#8243; wd_hide_on_desktop=&#8220;no&#8220; wd_hide_on_tablet=&#8220;no&#8220; wd_hide_on_mobile=&#8220;no&#8220;][\/vc_column][\/vc_row][vc_row][vc_column][vc_column_text css=&#8220;&#8220; woodmart_inline=&#8220;no&#8220; text_larger=&#8220;no&#8220;] F\u00fcr die Mitarbeiter von ERATECH MT A.\u015e.<\/p>\n","protected":false},"author":1,"featured_media":0,"parent":0,"menu_order":0,"comment_status":"closed","ping_status":"closed","template":"","meta":{"footnotes":""},"class_list":["post-10630","page","type-page","status-publish","hentry"],"_links":{"self":[{"href":"https:\/\/eratechmt.com.tr\/de\/wp-json\/wp\/v2\/pages\/10630"}],"collection":[{"href":"https:\/\/eratechmt.com.tr\/de\/wp-json\/wp\/v2\/pages"}],"about":[{"href":"https:\/\/eratechmt.com.tr\/de\/wp-json\/wp\/v2\/types\/page"}],"author":[{"embeddable":true,"href":"https:\/\/eratechmt.com.tr\/de\/wp-json\/wp\/v2\/users\/1"}],"replies":[{"embeddable":true,"href":"https:\/\/eratechmt.com.tr\/de\/wp-json\/wp\/v2\/comments?post=10630"}],"version-history":[{"count":2,"href":"https:\/\/eratechmt.com.tr\/de\/wp-json\/wp\/v2\/pages\/10630\/revisions"}],"predecessor-version":[{"id":10632,"href":"https:\/\/eratechmt.com.tr\/de\/wp-json\/wp\/v2\/pages\/10630\/revisions\/10632"}],"wp:attachment":[{"href":"https:\/\/eratechmt.com.tr\/de\/wp-json\/wp\/v2\/media?parent=10630"}],"curies":[{"name":"wp","href":"https:\/\/api.w.org\/{rel}","templated":true}]}}