{"id":10505,"date":"2024-09-08T15:12:28","date_gmt":"2024-09-08T15:12:28","guid":{"rendered":"https:\/\/eratechmt.com.tr\/kaynalik-fertigungswerke\/"},"modified":"2024-09-17T15:57:38","modified_gmt":"2024-09-17T15:57:38","slug":"kaynalik-fertigungswerke","status":"publish","type":"page","link":"https:\/\/eratechmt.com.tr\/de\/kaynalik-fertigungswerke\/","title":{"rendered":"Kaynal\u0131k Fertigungswerke"},"content":{"rendered":"<div class=\"wpb-content-wrapper\"><p>[vc_row][vc_column]\t\t\t<link rel=\"stylesheet\" id=\"wd-section-title-css\" href=\"https:\/\/eratechmt.com.tr\/wp-content\/themes\/woodmart\/css\/parts\/el-section-title.min.css?ver=7.6.0\" type=\"text\/css\" media=\"all\" \/> \t\t\t\t\t\t<link rel=\"stylesheet\" id=\"wd-mod-highlighted-text-css\" href=\"https:\/\/eratechmt.com.tr\/wp-content\/themes\/woodmart\/css\/parts\/mod-highlighted-text.min.css?ver=7.6.0\" type=\"text\/css\" media=\"all\" \/> \t\t\t\n\t\t<div id=\"wd-66ddbeb84e9a3\" class=\"title-wrapper wd-wpb set-mb-s reset-last-child  wd-rs-66ddbeb84e9a3 wd-title-color-default wd-title-style-default text-left  wd-underline-colored\">\n\t\t\t\n\t\t\t<div class=\"liner-continer\">\n\t\t\t\t<h4 class=\"woodmart-title-container title  wd-font-weight- wd-fontsize-xxl\" >Kaynal\u0131k Fertigungswerke<\/h4>\n\t\t\t\t\t\t\t<\/div>\n\t\t\t\n\t\t\t\n\t\t\t\n\t\t<\/div>\n\t\t\n\t\t[vc_separator color=&#8220;custom&#8220; align=&#8220;align_left&#8220; border_width=&#8220;7&#8243; el_width=&#8220;10&#8243; css=&#8220;&#8220; accent_color=&#8220;#9D6612&#8243; wd_hide_on_desktop=&#8220;no&#8220; wd_hide_on_tablet=&#8220;no&#8220; wd_hide_on_mobile=&#8220;no&#8220;][\/vc_column][\/vc_row][vc_row][vc_column][vc_column_text css=&#8220;&#8220; woodmart_inline=&#8220;no&#8220; text_larger=&#8220;no&#8220;]<span style=\"font-size: 14pt;\">Unter Schwei\u00dfen versteht man das Verbinden von zwei oder mehr Materialien, das zu den spanlosen Fertigungsverfahren geh\u00f6rt, mit oder ohne Verwendung zus\u00e4tzlicher Materialien durch die Einwirkung von Hitze und\/oder Druck.<br \/>\nBei diesem Verfahren werden die entsprechenden Teile der zu verbindenden Materialien geschmolzen. <\/span><\/p>\n<p><span style=\"font-size: 14pt;\">Die geschwei\u00dfte Fertigung ist eine Methode, die in vielen Sektoren eingesetzt wird und bei verschiedenen Anwendungen weit verbreitet ist.<br \/>\nInsbesondere dort, wo Metallteile zusammengef\u00fcgt werden m\u00fcssen, wird die geschwei\u00dfte Fertigung bevorzugt, um ein zuverl\u00e4ssiges, dauerhaftes und \u00e4sthetisches Ergebnis zu erzielen.   <\/span><\/p>\n<p><span style=\"font-size: 14pt;\">Die Norm EN 15085 ist eine vom Europ\u00e4ischen Komitee f\u00fcr Normung herausgegebene Normenreihe, die Kriterien f\u00fcr die Herstellung, \u00dcberholung und Wartung von Schienenfahrzeugen und Teilen enth\u00e4lt.  <\/span>[\/vc_column_text][\/vc_column][\/vc_row][vc_row][vc_column][vc_empty_space height=&#8220;322px&#8220; woodmart_hide_large=&#8220;0&#8243; woodmart_hide_medium=&#8220;0&#8243; woodmart_hide_small=&#8220;0&#8243;][\/vc_column][\/vc_row]<\/p>\n<\/div>","protected":false},"excerpt":{"rendered":"<p>[vc_row][vc_column][vc_separator color=&#8220;custom&#8220; align=&#8220;align_left&#8220; border_width=&#8220;7&#8243; el_width=&#8220;10&#8243; css=&#8220;&#8220; accent_color=&#8220;#9D6612&#8243; wd_hide_on_desktop=&#8220;no&#8220; wd_hide_on_tablet=&#8220;no&#8220; wd_hide_on_mobile=&#8220;no&#8220;][\/vc_column][\/vc_row][vc_row][vc_column][vc_column_text css=&#8220;&#8220; woodmart_inline=&#8220;no&#8220; text_larger=&#8220;no&#8220;]Unter Schwei\u00dfen versteht man das Verbinden von zwei<\/p>\n","protected":false},"author":1,"featured_media":0,"parent":0,"menu_order":0,"comment_status":"closed","ping_status":"closed","template":"","meta":{"footnotes":""},"class_list":["post-10505","page","type-page","status-publish","hentry"],"_links":{"self":[{"href":"https:\/\/eratechmt.com.tr\/de\/wp-json\/wp\/v2\/pages\/10505"}],"collection":[{"href":"https:\/\/eratechmt.com.tr\/de\/wp-json\/wp\/v2\/pages"}],"about":[{"href":"https:\/\/eratechmt.com.tr\/de\/wp-json\/wp\/v2\/types\/page"}],"author":[{"embeddable":true,"href":"https:\/\/eratechmt.com.tr\/de\/wp-json\/wp\/v2\/users\/1"}],"replies":[{"embeddable":true,"href":"https:\/\/eratechmt.com.tr\/de\/wp-json\/wp\/v2\/comments?post=10505"}],"version-history":[{"count":3,"href":"https:\/\/eratechmt.com.tr\/de\/wp-json\/wp\/v2\/pages\/10505\/revisions"}],"predecessor-version":[{"id":10511,"href":"https:\/\/eratechmt.com.tr\/de\/wp-json\/wp\/v2\/pages\/10505\/revisions\/10511"}],"wp:attachment":[{"href":"https:\/\/eratechmt.com.tr\/de\/wp-json\/wp\/v2\/media?parent=10505"}],"curies":[{"name":"wp","href":"https:\/\/api.w.org\/{rel}","templated":true}]}}