{"id":10473,"date":"2024-09-08T15:11:40","date_gmt":"2024-09-08T15:11:40","guid":{"rendered":"https:\/\/eratechmt.com.tr\/bearbeitung\/"},"modified":"2024-09-17T15:57:34","modified_gmt":"2024-09-17T15:57:34","slug":"bearbeitung","status":"publish","type":"page","link":"https:\/\/eratechmt.com.tr\/de\/bearbeitung\/","title":{"rendered":"Bearbeitung"},"content":{"rendered":"<div class=\"wpb-content-wrapper\"><p>[vc_row][vc_column]\t\t\t<link rel=\"stylesheet\" id=\"wd-section-title-css\" href=\"https:\/\/eratechmt.com.tr\/wp-content\/themes\/woodmart\/css\/parts\/el-section-title.min.css?ver=7.6.0\" type=\"text\/css\" media=\"all\" \/> \t\t\t\t\t\t<link rel=\"stylesheet\" id=\"wd-mod-highlighted-text-css\" href=\"https:\/\/eratechmt.com.tr\/wp-content\/themes\/woodmart\/css\/parts\/mod-highlighted-text.min.css?ver=7.6.0\" type=\"text\/css\" media=\"all\" \/> \t\t\t\n\t\t<div id=\"wd-66ddbe851383d\" class=\"title-wrapper wd-wpb set-mb-s reset-last-child  wd-rs-66ddbe851383d wd-title-color-default wd-title-style-default text-left  wd-underline-colored\">\n\t\t\t\n\t\t\t<div class=\"liner-continer\">\n\t\t\t\t<h4 class=\"woodmart-title-container title  wd-font-weight- wd-fontsize-xxl\" >Bearbeitung<\/h4>\n\t\t\t\t\t\t\t<\/div>\n\t\t\t\n\t\t\t\n\t\t\t\n\t\t<\/div>\n\t\t\n\t\t[vc_separator color=&#8220;custom&#8220; align=&#8220;align_left&#8220; border_width=&#8220;7&#8243; el_width=&#8220;10&#8243; css=&#8220;&#8220; accent_color=&#8220;#9D6612&#8243; wd_hide_on_desktop=&#8220;no&#8220; wd_hide_on_tablet=&#8220;no&#8220; wd_hide_on_mobile=&#8220;no&#8220;][\/vc_column][\/vc_row][vc_row][vc_column][vc_column_text css=&#8220;&#8220; woodmart_inline=&#8220;no&#8220; text_larger=&#8220;no&#8220;]<span style=\"font-size: 14pt;\">Zerspanung ist der Prozess der Herstellung von Teilen in gew\u00fcnschten Formen und Gr\u00f6\u00dfen durch das Entfernen von Sp\u00e4nen aus Metall, Kunststoff oder anderen Materialien.<br \/>\nDiese Methode basiert auf der schichtweisen Abtrennung von Sp\u00e4nen von der Oberfl\u00e4che des Materials mit Hilfe von Schneidwerkzeugen.<br \/>\nDer Bearbeitungsprozess kann verschiedene Operationen wie Drehen, Fr\u00e4sen, Bohren, Schleifen usw. umfassen, und diese Prozesse sorgen daf\u00fcr, dass das Endprodukt durch die Entfernung von Sp\u00e4nen aus dem Material erhalten wird.<br \/>\nDiese Methode wird besonders bei der Herstellung von Teilen mit komplexen Geometrien und bei Anwendungen, die hohe Pr\u00e4zision erfordern, bevorzugt.   <\/span><\/p>\n<p><span style=\"font-size: 14pt;\">Die maschinelle Bearbeitung ist einer der Eckpfeiler der industriellen Produktion und wird in einer Vielzahl von Bereichen eingesetzt, von der Automobilindustrie bis zur Luftfahrt, vom Maschinenbau bis zur Verteidigungsindustrie.<\/span>[\/vc_column_text][\/vc_column][\/vc_row][vc_row][vc_column][vc_empty_space height=&#8220;322px&#8220; woodmart_hide_large=&#8220;0&#8243; woodmart_hide_medium=&#8220;0&#8243; woodmart_hide_small=&#8220;0&#8243;][\/vc_column][\/vc_row]<\/p>\n<\/div>","protected":false},"excerpt":{"rendered":"<p>[vc_row][vc_column][vc_separator color=&#8220;custom&#8220; align=&#8220;align_left&#8220; border_width=&#8220;7&#8243; el_width=&#8220;10&#8243; css=&#8220;&#8220; accent_color=&#8220;#9D6612&#8243; wd_hide_on_desktop=&#8220;no&#8220; wd_hide_on_tablet=&#8220;no&#8220; wd_hide_on_mobile=&#8220;no&#8220;][\/vc_column][\/vc_row][vc_row][vc_column][vc_column_text css=&#8220;&#8220; woodmart_inline=&#8220;no&#8220; text_larger=&#8220;no&#8220;]Zerspanung ist der Prozess der Herstellung von Teilen<\/p>\n","protected":false},"author":1,"featured_media":0,"parent":0,"menu_order":0,"comment_status":"closed","ping_status":"closed","template":"","meta":{"footnotes":""},"class_list":["post-10473","page","type-page","status-publish","hentry"],"_links":{"self":[{"href":"https:\/\/eratechmt.com.tr\/de\/wp-json\/wp\/v2\/pages\/10473"}],"collection":[{"href":"https:\/\/eratechmt.com.tr\/de\/wp-json\/wp\/v2\/pages"}],"about":[{"href":"https:\/\/eratechmt.com.tr\/de\/wp-json\/wp\/v2\/types\/page"}],"author":[{"embeddable":true,"href":"https:\/\/eratechmt.com.tr\/de\/wp-json\/wp\/v2\/users\/1"}],"replies":[{"embeddable":true,"href":"https:\/\/eratechmt.com.tr\/de\/wp-json\/wp\/v2\/comments?post=10473"}],"version-history":[{"count":3,"href":"https:\/\/eratechmt.com.tr\/de\/wp-json\/wp\/v2\/pages\/10473\/revisions"}],"predecessor-version":[{"id":10476,"href":"https:\/\/eratechmt.com.tr\/de\/wp-json\/wp\/v2\/pages\/10473\/revisions\/10476"}],"wp:attachment":[{"href":"https:\/\/eratechmt.com.tr\/de\/wp-json\/wp\/v2\/media?parent=10473"}],"curies":[{"name":"wp","href":"https:\/\/api.w.org\/{rel}","templated":true}]}}