{"id":10466,"date":"2024-09-08T16:27:01","date_gmt":"2024-09-08T16:27:01","guid":{"rendered":"https:\/\/eratechmt.com.tr\/aluminium-strangpressen\/"},"modified":"2024-09-17T15:57:33","modified_gmt":"2024-09-17T15:57:33","slug":"aluminium-strangpressen","status":"publish","type":"page","link":"https:\/\/eratechmt.com.tr\/de\/aluminium-strangpressen\/","title":{"rendered":"Aluminium Strangpressen"},"content":{"rendered":"<div class=\"wpb-content-wrapper\"><p>[vc_row][vc_column]\t\t\t<link rel=\"stylesheet\" id=\"wd-section-title-css\" href=\"https:\/\/eratechmt.com.tr\/wp-content\/themes\/woodmart\/css\/parts\/el-section-title.min.css?ver=7.6.0\" type=\"text\/css\" media=\"all\" \/> \t\t\t\t\t\t<link rel=\"stylesheet\" id=\"wd-mod-highlighted-text-css\" href=\"https:\/\/eratechmt.com.tr\/wp-content\/themes\/woodmart\/css\/parts\/mod-highlighted-text.min.css?ver=7.6.0\" type=\"text\/css\" media=\"all\" \/> \t\t\t\n\t\t<div id=\"wd-66ddd027cc639\" class=\"title-wrapper wd-wpb set-mb-s reset-last-child  wd-rs-66ddd027cc639 wd-title-color-default wd-title-style-default text-left  wd-underline-colored\">\n\t\t\t\n\t\t\t<div class=\"liner-continer\">\n\t\t\t\t<h4 class=\"woodmart-title-container title  wd-font-weight- wd-fontsize-xxl\" >Aluminium Strangpressen<\/h4>\n\t\t\t\t\t\t\t<\/div>\n\t\t\t\n\t\t\t\n\t\t\t\n\t\t<\/div>\n\t\t\n\t\t[vc_separator color=&#8220;custom&#8220; align=&#8220;align_left&#8220; border_width=&#8220;7&#8243; el_width=&#8220;10&#8243; css=&#8220;&#8220; accent_color=&#8220;#9D6612&#8243; wd_hide_on_desktop=&#8220;no&#8220; wd_hide_on_tablet=&#8220;no&#8220; wd_hide_on_mobile=&#8220;no&#8220;][\/vc_column][\/vc_row][vc_row][vc_column][vc_column_text css=&#8220;&#8220; woodmart_inline=&#8220;no&#8220; text_larger=&#8220;no&#8220;]<span style=\"font-size: 14pt;\">Unter Strangpressen versteht man die Formgebung des Materials durch Erhitzen von Aluminium (Kn\u00fcppel) in einer bestimmten Form, wobei das Material durch eine Matrize gef\u00fchrt und gezwungen wird, durch ein Loch zu flie\u00dfen.<br \/>\nNach dem Strangpressen wird die Form der Matrize entlang des Aluminiums angebracht. <\/span><\/p>\n<p><span style=\"font-size: 14pt;\">Es ist m\u00f6glich, Aluminiumprofile in verschiedenen Formen durch Strangpressen zu erhalten.<\/span><\/p>\n<p><span style=\"font-size: 14pt;\">Das Strangpressen von Aluminium ist eine in vielen Branchen weit verbreitete Produktionsmethode.<br \/>\nEs wird bevorzugt zur Herstellung von Aluminiumprofilen verwendet, die leicht und langlebig sind und verschiedene Formgebungsm\u00f6glichkeiten bieten. Sie werden in vielen Sektoren wie der Automobilindustrie, dem Bauwesen, der Elektronik, M\u00f6beln, Schienensystemen und der Solarenergie eingesetzt. <\/span>[\/vc_column_text][\/vc_column][\/vc_row][vc_row][vc_column][vc_empty_space height=&#8220;322px&#8220; woodmart_hide_large=&#8220;0&#8243; woodmart_hide_medium=&#8220;0&#8243; woodmart_hide_small=&#8220;0&#8243;][\/vc_column][\/vc_row]<\/p>\n<\/div>","protected":false},"excerpt":{"rendered":"<p>[vc_row][vc_column][vc_separator color=&#8220;custom&#8220; align=&#8220;align_left&#8220; border_width=&#8220;7&#8243; el_width=&#8220;10&#8243; css=&#8220;&#8220; accent_color=&#8220;#9D6612&#8243; wd_hide_on_desktop=&#8220;no&#8220; wd_hide_on_tablet=&#8220;no&#8220; wd_hide_on_mobile=&#8220;no&#8220;][\/vc_column][\/vc_row][vc_row][vc_column][vc_column_text css=&#8220;&#8220; woodmart_inline=&#8220;no&#8220; text_larger=&#8220;no&#8220;]Unter Strangpressen versteht man die Formgebung des Materials<\/p>\n","protected":false},"author":1,"featured_media":0,"parent":0,"menu_order":0,"comment_status":"closed","ping_status":"closed","template":"","meta":{"footnotes":""},"class_list":["post-10466","page","type-page","status-publish","hentry"],"_links":{"self":[{"href":"https:\/\/eratechmt.com.tr\/de\/wp-json\/wp\/v2\/pages\/10466"}],"collection":[{"href":"https:\/\/eratechmt.com.tr\/de\/wp-json\/wp\/v2\/pages"}],"about":[{"href":"https:\/\/eratechmt.com.tr\/de\/wp-json\/wp\/v2\/types\/page"}],"author":[{"embeddable":true,"href":"https:\/\/eratechmt.com.tr\/de\/wp-json\/wp\/v2\/users\/1"}],"replies":[{"embeddable":true,"href":"https:\/\/eratechmt.com.tr\/de\/wp-json\/wp\/v2\/comments?post=10466"}],"version-history":[{"count":3,"href":"https:\/\/eratechmt.com.tr\/de\/wp-json\/wp\/v2\/pages\/10466\/revisions"}],"predecessor-version":[{"id":10471,"href":"https:\/\/eratechmt.com.tr\/de\/wp-json\/wp\/v2\/pages\/10466\/revisions\/10471"}],"wp:attachment":[{"href":"https:\/\/eratechmt.com.tr\/de\/wp-json\/wp\/v2\/media?parent=10466"}],"curies":[{"name":"wp","href":"https:\/\/api.w.org\/{rel}","templated":true}]}}