{"id":10457,"date":"2024-09-08T16:28:01","date_gmt":"2024-09-08T16:28:01","guid":{"rendered":"https:\/\/eratechmt.com.tr\/aluminium-spritzgiessen\/"},"modified":"2024-09-18T17:48:10","modified_gmt":"2024-09-18T17:48:10","slug":"aluminium-spritzgiessen","status":"publish","type":"page","link":"https:\/\/eratechmt.com.tr\/de\/aluminium-spritzgiessen\/","title":{"rendered":"Aluminium-Spritzgie\u00dfen"},"content":{"rendered":"<div class=\"wpb-content-wrapper\"><p>[vc_row][vc_column]\t\t\t<link rel=\"stylesheet\" id=\"wd-section-title-css\" href=\"https:\/\/eratechmt.com.tr\/wp-content\/themes\/woodmart\/css\/parts\/el-section-title.min.css?ver=7.6.0\" type=\"text\/css\" media=\"all\" \/> \t\t\t\t\t\t<link rel=\"stylesheet\" id=\"wd-mod-highlighted-text-css\" href=\"https:\/\/eratechmt.com.tr\/wp-content\/themes\/woodmart\/css\/parts\/mod-highlighted-text.min.css?ver=7.6.0\" type=\"text\/css\" media=\"all\" \/> \t\t\t\n\t\t<div id=\"wd-66ddd064d4fd0\" class=\"title-wrapper wd-wpb set-mb-s reset-last-child  wd-rs-66ddd064d4fd0 wd-title-color-default wd-title-style-default text-left  wd-underline-colored\">\n\t\t\t\n\t\t\t<div class=\"liner-continer\">\n\t\t\t\t<h4 class=\"woodmart-title-container title  wd-font-weight- wd-fontsize-xxl\" >Aluminium-Spritzgie\u00dfen<\/h4>\n\t\t\t\t\t\t\t<\/div>\n\t\t\t\n\t\t\t\n\t\t\t\n\t\t<\/div>\n\t\t\n\t\t[vc_separator color=&#8220;custom&#8220; align=&#8220;align_left&#8220; border_width=&#8220;7&#8243; el_width=&#8220;10&#8243; css=&#8220;&#8220; accent_color=&#8220;#9D6612&#8243; wd_hide_on_desktop=&#8220;no&#8220; wd_hide_on_tablet=&#8220;no&#8220; wd_hide_on_mobile=&#8220;no&#8220;][\/vc_column][\/vc_row][vc_row][vc_column][vc_column_text css=&#8220;&#8220; woodmart_inline=&#8220;no&#8220; text_larger=&#8220;no&#8220;]Beim Aluminium-Spritzgussverfahren wird Aluminium in geschmolzener, fl\u00fcssiger Form mit Hilfe von Spritzgussmaschinen unter Druck gesetzt.<br \/>\nDas fl\u00fcssige Aluminium wird unter hohem Druck in die Form gespritzt und der Gie\u00dfvorgang wird durchgef\u00fchrt.<br \/>\nFl\u00fcssiges Aluminium Aufgrund des hohen Drucks wird eine gro\u00dfe Menge Aluminium sehr schnell in die Form gef\u00fcllt. Form<br \/>\nDas fl\u00fcssige Aluminium im Inneren der Form wird weiterhin mit hohem Druck beaufschlagt, bis die Erstarrung abgeschlossen ist.<br \/>\nNachdem die Erstarrung abgeschlossen ist, wird die Form ge\u00f6ffnet und das Aluminium mit Hilfe von Schubstangen entfernt.<br \/>\nwird das Teil aus der Form entnommen.[\/vc_column_text][\/vc_column][\/vc_row][vc_row][vc_column][vc_empty_space height=&#8220;322px&#8220; woodmart_hide_large=&#8220;0&#8243; woodmart_hide_medium=&#8220;0&#8243; woodmart_hide_small=&#8220;0&#8243;][\/vc_column][\/vc_row]<\/p>\n<\/div>","protected":false},"excerpt":{"rendered":"<p>[vc_row][vc_column][vc_separator color=&#8220;custom&#8220; align=&#8220;align_left&#8220; border_width=&#8220;7&#8243; el_width=&#8220;10&#8243; css=&#8220;&#8220; accent_color=&#8220;#9D6612&#8243; wd_hide_on_desktop=&#8220;no&#8220; wd_hide_on_tablet=&#8220;no&#8220; wd_hide_on_mobile=&#8220;no&#8220;][\/vc_column][\/vc_row][vc_row][vc_column][vc_column_text css=&#8220;&#8220; woodmart_inline=&#8220;no&#8220; text_larger=&#8220;no&#8220;]Beim Aluminium-Spritzgussverfahren wird Aluminium in geschmolzener, fl\u00fcssiger Form<\/p>\n","protected":false},"author":1,"featured_media":0,"parent":0,"menu_order":0,"comment_status":"closed","ping_status":"closed","template":"","meta":{"footnotes":""},"class_list":["post-10457","page","type-page","status-publish","hentry"],"_links":{"self":[{"href":"https:\/\/eratechmt.com.tr\/de\/wp-json\/wp\/v2\/pages\/10457"}],"collection":[{"href":"https:\/\/eratechmt.com.tr\/de\/wp-json\/wp\/v2\/pages"}],"about":[{"href":"https:\/\/eratechmt.com.tr\/de\/wp-json\/wp\/v2\/types\/page"}],"author":[{"embeddable":true,"href":"https:\/\/eratechmt.com.tr\/de\/wp-json\/wp\/v2\/users\/1"}],"replies":[{"embeddable":true,"href":"https:\/\/eratechmt.com.tr\/de\/wp-json\/wp\/v2\/comments?post=10457"}],"version-history":[{"count":4,"href":"https:\/\/eratechmt.com.tr\/de\/wp-json\/wp\/v2\/pages\/10457\/revisions"}],"predecessor-version":[{"id":10596,"href":"https:\/\/eratechmt.com.tr\/de\/wp-json\/wp\/v2\/pages\/10457\/revisions\/10596"}],"wp:attachment":[{"href":"https:\/\/eratechmt.com.tr\/de\/wp-json\/wp\/v2\/media?parent=10457"}],"curies":[{"name":"wp","href":"https:\/\/api.w.org\/{rel}","templated":true}]}}